{"id":67924,"date":"2026-02-17T18:00:45","date_gmt":"2026-02-17T17:00:45","guid":{"rendered":"https:\/\/www.absolutcarsconsulting.com\/voitures-en-vente\/bentley-continental-supersport\/"},"modified":"2026-02-17T18:06:08","modified_gmt":"2026-02-17T17:06:08","slug":"bentley-continental-supersport","status":"publish","type":"product","link":"https:\/\/www.absolutcarsconsulting.com\/it\/voitures-en-vente\/bentley-continental-supersport\/","title":{"rendered":"BENTLEY CONTINENTAL SUPERSPORT"},"content":{"rendered":"<p><strong>BENTLEY CONTINENTAL SUPERSPORT \u2013 2010 \u2013 53 221 KM \u2013 MODELLO MOLTO RARO<\/strong>\u00a0<strong>Absolut Cars Consulting<\/strong>, specialista in automobili di prestigio dal 2009, \u00e8 lieta di presentare questa <strong>Bentley Continental Supersport 2010<\/strong>, un modello estremamente raro ed esclusivo, rinomato per le <strong>sue prestazioni eccezionali e il suo raro motore originale E85.<\/strong>. <strong>\ud83d\udd39<\/strong><strong> Caratteristiche principali<\/strong><\/p>\n<ul>\n<li>Anno : 2010<\/li>\n<li>Chilometraggio : 53 221 km<\/li>\n<li>Motore: W12 6.0L \u2013 630 CV, predisposto in fabbrica per l&#8217;alimentazione a etanolo E85<\/li>\n<li>Trasmissione: Automatico a 6 rapporti, trazione integrale<\/li>\n<li>Condizioni: Completamente originale<\/li>\n<li>Interni: Pelle pregiata e finiture in legno, dettagli di lusso<\/li>\n<\/ul>\n<p><strong>\ud83d\udd39<\/strong><strong> Equipaggiamenti e optional eccezionali<\/strong><\/p>\n<ul>\n<li>Impianto audio Bentley premium<\/li>\n<li>Sedili riscaldati e ventilati<\/li>\n<li>Allestimento Supersport esclusivo<\/li>\n<li>Allestimento Supersport esclusivo<\/li>\n<li>Sospensioni adattive, servosterzo dinamico<\/li>\n<li>Elementi della carrozzeria specifici per la Supersport<\/li>\n<\/ul>\n<p><strong>\ud83d\udd39<\/strong><strong> Una rarit\u00e0 assoluta<\/strong> Questa <strong>Bentley Continental Supersport 2010<\/strong> \u00e8 una delle poche Bentley <strong>ad essere alimentata a etanolo E85 di fabbrica<\/strong>, offrendo <strong>prestazioni uniche ed ecocompatibili per l&#8217;epoca<\/strong>. Con soli <strong>53 221 km<\/strong>, le sue condizioni generali sono eccellenti, rendendo questo <strong>modello un raro e moderno<\/strong> oggetto da collezione per gli appassionati di auto di lusso. <strong>\ud83d\udd39<\/strong><strong> Il nostro impegno<\/strong> Da oltre 15 anni, <strong>Absolut Cars Consulting<\/strong> seleziona meticolosamente i veicoli pi\u00f9 rari e prestigiosi, garantendo <strong>tracciabilit\u00e0, autenticit\u00e0 ed eccellenza<\/strong>. \ud83d\udccd <strong>Veicolo visionabile solo su appuntamento<\/strong><\/p>\n","protected":false},"excerpt":{"rendered":"<p>BENTLEY CONTINENTAL SUPERSPORT \u2013 2010 \u2013 53 221 KM \u2013 MODELLO MOLTO RARO\u00a0Absolut Cars Consulting, specialista in automobili di prestigio dal 2009, \u00e8 lieta di presentare questa Bentley Continental Supersport 2010, un modello estremamente raro ed esclusivo, rinomato per le sue prestazioni eccezionali e il suo raro motore originale E85.. \ud83d\udd39 Caratteristiche principali Anno : [&hellip;]<\/p>\n","protected":false},"featured_media":67927,"template":"","meta":{"_acf_changed":false,"_et_pb_use_builder":"","_et_pb_old_content":"","_et_gb_content_width":""},"product_cat":[193,208],"product_tag":[],"class_list":{"0":"post-67924","1":"product","2":"type-product","3":"status-publish","4":"has-post-thumbnail","6":"product_cat-france-it","7":"product_cat-non-classe-it","9":"first","10":"instock","11":"shipping-taxable","12":"product-type-simple"},"acf":[],"yoast_head":"<!-- This site is optimized with the Yoast SEO plugin v25.9 - https:\/\/yoast.com\/wordpress\/plugins\/seo\/ -->\n<title>Bentley Continental Supersport del 2010 con prestazioni uniche<\/title>\n<meta name=\"description\" content=\"Questa Bentley Continental Supersport del 2010, rinomata per le sue prestazioni eccezionali e per il suo raro motore E85 originale...\" \/>\n<meta name=\"robots\" content=\"index, follow, max-snippet:-1, max-image-preview:large, max-video-preview:-1\" \/>\n<link rel=\"canonical\" href=\"https:\/\/www.absolutcarsconsulting.com\/it\/voitures-en-vente\/bentley-continental-supersport\/\" \/>\n<meta property=\"og:locale\" content=\"it_IT\" \/>\n<meta property=\"og:type\" content=\"article\" \/>\n<meta property=\"og:title\" content=\"Bentley Continental Supersport del 2010 con prestazioni uniche\" \/>\n<meta property=\"og:description\" content=\"Questa Bentley Continental Supersport del 2010, rinomata per le sue prestazioni eccezionali e per il suo raro motore E85 originale...\" \/>\n<meta property=\"og:site_name\" content=\"Absolut Cars Consulting\" \/>\n<meta property=\"article:modified_time\" content=\"2026-02-17T17:06:08+00:00\" \/>\n<meta property=\"og:image\" content=\"https:\/\/www.absolutcarsconsulting.com\/wp-content\/uploads\/2025\/11\/BentleyContinentalSupersportPresentation_Absolut_Cars.jpg\" \/>\n\t<meta property=\"og:image:width\" content=\"1920\" \/>\n\t<meta property=\"og:image:height\" content=\"1080\" \/>\n\t<meta property=\"og:image:type\" content=\"image\/jpeg\" \/>\n<meta name=\"twitter:card\" content=\"summary_large_image\" \/>\n<meta name=\"twitter:label1\" content=\"Tempo di lettura stimato\" \/>\n\t<meta name=\"twitter:data1\" content=\"1 minuto\" \/>\n<script type=\"application\/ld+json\" class=\"yoast-schema-graph\">{\"@context\":\"https:\/\/schema.org\",\"@graph\":[{\"@type\":\"WebPage\",\"@id\":\"https:\/\/www.absolutcarsconsulting.com\/it\/voitures-en-vente\/bentley-continental-supersport\/\",\"url\":\"https:\/\/www.absolutcarsconsulting.com\/it\/voitures-en-vente\/bentley-continental-supersport\/\",\"name\":\"Bentley Continental Supersport del 2010 con prestazioni uniche\",\"isPartOf\":{\"@id\":\"https:\/\/www.absolutcarsconsulting.com\/it\/#website\"},\"primaryImageOfPage\":{\"@id\":\"https:\/\/www.absolutcarsconsulting.com\/it\/voitures-en-vente\/bentley-continental-supersport\/#primaryimage\"},\"image\":{\"@id\":\"https:\/\/www.absolutcarsconsulting.com\/it\/voitures-en-vente\/bentley-continental-supersport\/#primaryimage\"},\"thumbnailUrl\":\"https:\/\/www.absolutcarsconsulting.com\/wp-content\/uploads\/2025\/11\/BentleyContinentalSupersportPresentation_Absolut_Cars.jpg\",\"datePublished\":\"2026-02-17T17:00:45+00:00\",\"dateModified\":\"2026-02-17T17:06:08+00:00\",\"description\":\"Questa Bentley Continental Supersport del 2010, rinomata per le sue prestazioni eccezionali e per il suo raro motore E85 originale...\",\"breadcrumb\":{\"@id\":\"https:\/\/www.absolutcarsconsulting.com\/it\/voitures-en-vente\/bentley-continental-supersport\/#breadcrumb\"},\"inLanguage\":\"it-IT\",\"potentialAction\":[{\"@type\":\"ReadAction\",\"target\":[\"https:\/\/www.absolutcarsconsulting.com\/it\/voitures-en-vente\/bentley-continental-supersport\/\"]}]},{\"@type\":\"ImageObject\",\"inLanguage\":\"it-IT\",\"@id\":\"https:\/\/www.absolutcarsconsulting.com\/it\/voitures-en-vente\/bentley-continental-supersport\/#primaryimage\",\"url\":\"https:\/\/www.absolutcarsconsulting.com\/wp-content\/uploads\/2025\/11\/BentleyContinentalSupersportPresentation_Absolut_Cars.jpg\",\"contentUrl\":\"https:\/\/www.absolutcarsconsulting.com\/wp-content\/uploads\/2025\/11\/BentleyContinentalSupersportPresentation_Absolut_Cars.jpg\",\"width\":1920,\"height\":1080},{\"@type\":\"BreadcrumbList\",\"@id\":\"https:\/\/www.absolutcarsconsulting.com\/it\/voitures-en-vente\/bentley-continental-supersport\/#breadcrumb\",\"itemListElement\":[{\"@type\":\"ListItem\",\"position\":1,\"name\":\"Accueil\",\"item\":\"https:\/\/www.absolutcarsconsulting.com\/it\/\"},{\"@type\":\"ListItem\",\"position\":2,\"name\":\"Products\",\"item\":\"https:\/\/www.absolutcarsconsulting.com\/it\/shop\/\"},{\"@type\":\"ListItem\",\"position\":3,\"name\":\"BENTLEY CONTINENTAL SUPERSPORT\"}]},{\"@type\":\"WebSite\",\"@id\":\"https:\/\/www.absolutcarsconsulting.com\/it\/#website\",\"url\":\"https:\/\/www.absolutcarsconsulting.com\/it\/\",\"name\":\"Absolut Cars Consulting\",\"description\":\"Votre consultant en voiture de luxe !\",\"publisher\":{\"@id\":\"https:\/\/www.absolutcarsconsulting.com\/it\/#organization\"},\"potentialAction\":[{\"@type\":\"SearchAction\",\"target\":{\"@type\":\"EntryPoint\",\"urlTemplate\":\"https:\/\/www.absolutcarsconsulting.com\/it\/?s={search_term_string}\"},\"query-input\":{\"@type\":\"PropertyValueSpecification\",\"valueRequired\":true,\"valueName\":\"search_term_string\"}}],\"inLanguage\":\"it-IT\"},{\"@type\":\"Organization\",\"@id\":\"https:\/\/www.absolutcarsconsulting.com\/it\/#organization\",\"name\":\"Absolut Cars Consulting\",\"url\":\"https:\/\/www.absolutcarsconsulting.com\/it\/\",\"logo\":{\"@type\":\"ImageObject\",\"inLanguage\":\"it-IT\",\"@id\":\"https:\/\/www.absolutcarsconsulting.com\/it\/#\/schema\/logo\/image\/\",\"url\":\"https:\/\/www.absolutcarsconsulting.com\/wp-content\/uploads\/2017\/10\/absolut-cars-consulting-logo.png\",\"contentUrl\":\"https:\/\/www.absolutcarsconsulting.com\/wp-content\/uploads\/2017\/10\/absolut-cars-consulting-logo.png\",\"width\":250,\"height\":106,\"caption\":\"Absolut Cars Consulting\"},\"image\":{\"@id\":\"https:\/\/www.absolutcarsconsulting.com\/it\/#\/schema\/logo\/image\/\"},\"sameAs\":[\"https:\/\/www.instagram.com\/p\/B-KE1JjqjnV\/\"]}]}<\/script>\n<!-- \/ Yoast SEO plugin. -->","yoast_head_json":{"title":"Bentley Continental Supersport del 2010 con prestazioni uniche","description":"Questa Bentley Continental Supersport del 2010, rinomata per le sue prestazioni eccezionali e per il suo raro motore E85 originale...","robots":{"index":"index","follow":"follow","max-snippet":"max-snippet:-1","max-image-preview":"max-image-preview:large","max-video-preview":"max-video-preview:-1"},"canonical":"https:\/\/www.absolutcarsconsulting.com\/it\/voitures-en-vente\/bentley-continental-supersport\/","og_locale":"it_IT","og_type":"article","og_title":"Bentley Continental Supersport del 2010 con prestazioni uniche","og_description":"Questa Bentley Continental Supersport del 2010, rinomata per le sue prestazioni eccezionali e per il suo raro motore E85 originale...","og_site_name":"Absolut Cars Consulting","article_modified_time":"2026-02-17T17:06:08+00:00","og_image":[{"width":1920,"height":1080,"url":"https:\/\/www.absolutcarsconsulting.com\/wp-content\/uploads\/2025\/11\/BentleyContinentalSupersportPresentation_Absolut_Cars.jpg","type":"image\/jpeg"}],"twitter_card":"summary_large_image","twitter_misc":{"Tempo di lettura stimato":"1 minuto"},"schema":{"@context":"https:\/\/schema.org","@graph":[{"@type":"WebPage","@id":"https:\/\/www.absolutcarsconsulting.com\/it\/voitures-en-vente\/bentley-continental-supersport\/","url":"https:\/\/www.absolutcarsconsulting.com\/it\/voitures-en-vente\/bentley-continental-supersport\/","name":"Bentley Continental Supersport del 2010 con prestazioni uniche","isPartOf":{"@id":"https:\/\/www.absolutcarsconsulting.com\/it\/#website"},"primaryImageOfPage":{"@id":"https:\/\/www.absolutcarsconsulting.com\/it\/voitures-en-vente\/bentley-continental-supersport\/#primaryimage"},"image":{"@id":"https:\/\/www.absolutcarsconsulting.com\/it\/voitures-en-vente\/bentley-continental-supersport\/#primaryimage"},"thumbnailUrl":"https:\/\/www.absolutcarsconsulting.com\/wp-content\/uploads\/2025\/11\/BentleyContinentalSupersportPresentation_Absolut_Cars.jpg","datePublished":"2026-02-17T17:00:45+00:00","dateModified":"2026-02-17T17:06:08+00:00","description":"Questa Bentley Continental Supersport del 2010, rinomata per le sue prestazioni eccezionali e per il suo raro motore E85 originale...","breadcrumb":{"@id":"https:\/\/www.absolutcarsconsulting.com\/it\/voitures-en-vente\/bentley-continental-supersport\/#breadcrumb"},"inLanguage":"it-IT","potentialAction":[{"@type":"ReadAction","target":["https:\/\/www.absolutcarsconsulting.com\/it\/voitures-en-vente\/bentley-continental-supersport\/"]}]},{"@type":"ImageObject","inLanguage":"it-IT","@id":"https:\/\/www.absolutcarsconsulting.com\/it\/voitures-en-vente\/bentley-continental-supersport\/#primaryimage","url":"https:\/\/www.absolutcarsconsulting.com\/wp-content\/uploads\/2025\/11\/BentleyContinentalSupersportPresentation_Absolut_Cars.jpg","contentUrl":"https:\/\/www.absolutcarsconsulting.com\/wp-content\/uploads\/2025\/11\/BentleyContinentalSupersportPresentation_Absolut_Cars.jpg","width":1920,"height":1080},{"@type":"BreadcrumbList","@id":"https:\/\/www.absolutcarsconsulting.com\/it\/voitures-en-vente\/bentley-continental-supersport\/#breadcrumb","itemListElement":[{"@type":"ListItem","position":1,"name":"Accueil","item":"https:\/\/www.absolutcarsconsulting.com\/it\/"},{"@type":"ListItem","position":2,"name":"Products","item":"https:\/\/www.absolutcarsconsulting.com\/it\/shop\/"},{"@type":"ListItem","position":3,"name":"BENTLEY CONTINENTAL SUPERSPORT"}]},{"@type":"WebSite","@id":"https:\/\/www.absolutcarsconsulting.com\/it\/#website","url":"https:\/\/www.absolutcarsconsulting.com\/it\/","name":"Absolut Cars Consulting","description":"Votre consultant en voiture de luxe !","publisher":{"@id":"https:\/\/www.absolutcarsconsulting.com\/it\/#organization"},"potentialAction":[{"@type":"SearchAction","target":{"@type":"EntryPoint","urlTemplate":"https:\/\/www.absolutcarsconsulting.com\/it\/?s={search_term_string}"},"query-input":{"@type":"PropertyValueSpecification","valueRequired":true,"valueName":"search_term_string"}}],"inLanguage":"it-IT"},{"@type":"Organization","@id":"https:\/\/www.absolutcarsconsulting.com\/it\/#organization","name":"Absolut Cars Consulting","url":"https:\/\/www.absolutcarsconsulting.com\/it\/","logo":{"@type":"ImageObject","inLanguage":"it-IT","@id":"https:\/\/www.absolutcarsconsulting.com\/it\/#\/schema\/logo\/image\/","url":"https:\/\/www.absolutcarsconsulting.com\/wp-content\/uploads\/2017\/10\/absolut-cars-consulting-logo.png","contentUrl":"https:\/\/www.absolutcarsconsulting.com\/wp-content\/uploads\/2017\/10\/absolut-cars-consulting-logo.png","width":250,"height":106,"caption":"Absolut Cars Consulting"},"image":{"@id":"https:\/\/www.absolutcarsconsulting.com\/it\/#\/schema\/logo\/image\/"},"sameAs":["https:\/\/www.instagram.com\/p\/B-KE1JjqjnV\/"]}]}},"_links":{"self":[{"href":"https:\/\/www.absolutcarsconsulting.com\/it\/wp-json\/wp\/v2\/product\/67924","targetHints":{"allow":["GET"]}}],"collection":[{"href":"https:\/\/www.absolutcarsconsulting.com\/it\/wp-json\/wp\/v2\/product"}],"about":[{"href":"https:\/\/www.absolutcarsconsulting.com\/it\/wp-json\/wp\/v2\/types\/product"}],"wp:featuredmedia":[{"embeddable":true,"href":"https:\/\/www.absolutcarsconsulting.com\/it\/wp-json\/wp\/v2\/media\/67927"}],"wp:attachment":[{"href":"https:\/\/www.absolutcarsconsulting.com\/it\/wp-json\/wp\/v2\/media?parent=67924"}],"wp:term":[{"taxonomy":"product_cat","embeddable":true,"href":"https:\/\/www.absolutcarsconsulting.com\/it\/wp-json\/wp\/v2\/product_cat?post=67924"},{"taxonomy":"product_tag","embeddable":true,"href":"https:\/\/www.absolutcarsconsulting.com\/it\/wp-json\/wp\/v2\/product_tag?post=67924"}],"curies":[{"name":"wp","href":"https:\/\/api.w.org\/{rel}","templated":true}]}}