{"id":67919,"date":"2026-02-17T15:45:08","date_gmt":"2026-02-17T14:45:08","guid":{"rendered":"https:\/\/www.absolutcarsconsulting.com\/voitures-en-vente\/ferrari-458-speciale\/"},"modified":"2026-03-16T16:20:21","modified_gmt":"2026-03-16T15:20:21","slug":"ferrari-458-speciale","status":"publish","type":"product","link":"https:\/\/www.absolutcarsconsulting.com\/it\/voitures-en-vente\/ferrari-458-speciale\/","title":{"rendered":"Ferrari 458 Speciale"},"content":{"rendered":"<h1>\ud83d\udd25 FERRARI 458 SPECIALE \ud83d\udd25<\/h1>\n<h2>15 600 km \u2013 Rosso Corsa \u2013 L&#8217;ultima Ferrari V8 ad aspirazione naturale<\/h2>\n<p>Alcune Ferrari sono veloci. Altre diventano leggendarie.. La <strong>458 Speciale<\/strong> \u00e8 entrambe.. <strong>Absolut Cars Consulting<\/strong> vi offre un esemplare eccezionale di uno dei modelli pi\u00f9 iconici dell&#8217;era moderna Ferrari: <strong>l&#8217;ultima Ferrari V8 ad aspirazione naturale al 100% mai prodotta.<\/strong><\/p>\n<h2>\ud83c\udfc1 Puro DNA Ferrari<\/h2>\n<ul data-start=\"545\" data-end=\"649\">\n<li>\ud83d\udcc5 08\/2015<\/li>\n<li>\ud83d\udd34 Rosso Corsa<\/li>\n<li>\u26ab Interni neri<\/li>\n<li>\ud83d\udcc9 Solo 15 600 km<\/li>\n<li>\u2b50 Condizioni eccezionali<\/li>\n<\/ul>\n<p>Basso chilometraggio per un modello gi\u00e0 ricercato in tutto il mondo.<\/p>\n<h2>\ud83c\udfaf Configurazione Radicale e Rara<\/h2>\n<p>Questo esemplare si distingue per gli optional estremamente desiderabili: \u2714 Cablaggi rossi Ferrari \u2714 Roll bar ufficiale Ferrari \u2714 Volante in fibra di carbonio con LED \u2714 Configurazione orientata alla pista \u2714 Intramontabile presentazione Rosso Corsa Una vera Speciale nella sua forma pi\u00f9 autentica.<\/p>\n<h2>\u2699\ufe0f V8 da 4.5 litri \u2013 605 CV \u2013 9 000 giri\/min<\/h2>\n<p>Aspirato naturalmente.<br \/>\nIstantaneo. Ruvido. Una feroce salita a 9.000 giri\/min. Un suono meccanico praticamente impossibile da trovare oggi. La 458 Speciale segna la fine di un&#8217;era precedente all&#8217;era del turbo.<\/p>\n<h2>\ud83d\udc8e Perch\u00e9 \u00e8 un must-have<\/h2>\n<p>\u2714 L&#8217;ultima Ferrari V8 aspirato \u2714 Gi\u00e0 un classico di culto \u2714 Optional rari e da corsa \u2714 Chilometraggio ridotto \u2714 Grande appeal collezionistico Le vetture speciali con questa configurazione stanno diventando sempre pi\u00f9 difficili da trovare. Questa Ferrari non \u00e8 solo una supercar. \u00c8 una pietra miliare nella storia della Ferrari. \ud83d\udccd Visioni solo su appuntamento \ud83d\udcc4 Dossier completo disponibile su richiesta <strong>Absolut Cars Consulting<\/strong> Specialisti in veicoli eccezionali e da collezione<\/p>\n","protected":false},"excerpt":{"rendered":"<p>\ud83d\udd25 FERRARI 458 SPECIALE \ud83d\udd25 15 600 km \u2013 Rosso Corsa \u2013 L&#8217;ultima Ferrari V8 ad aspirazione naturale Alcune Ferrari sono veloci. Altre diventano leggendarie.. La 458 Speciale \u00e8 entrambe.. Absolut Cars Consulting vi offre un esemplare eccezionale di uno dei modelli pi\u00f9 iconici dell&#8217;era moderna Ferrari: l&#8217;ultima Ferrari V8 ad aspirazione naturale al 100% [&hellip;]<\/p>\n","protected":false},"featured_media":68214,"template":"","meta":{"_acf_changed":false,"_et_pb_use_builder":"","_et_pb_old_content":"","_et_gb_content_width":""},"product_cat":[193,191],"product_tag":[],"class_list":{"0":"post-67919","1":"product","2":"type-product","3":"status-publish","4":"has-post-thumbnail","6":"product_cat-france-it","7":"product_cat-ferrari-it","9":"first","10":"instock","11":"shipping-taxable","12":"product-type-simple"},"acf":[],"yoast_head":"<!-- This site is optimized with the Yoast SEO plugin v25.9 - https:\/\/yoast.com\/wordpress\/plugins\/seo\/ -->\n<title>Ferrari 458 Speciale - Absolut Cars Consulting<\/title>\n<meta name=\"description\" content=\"Ferrari 458 Speciale\" \/>\n<meta name=\"robots\" content=\"index, follow, max-snippet:-1, max-image-preview:large, max-video-preview:-1\" \/>\n<link rel=\"canonical\" href=\"https:\/\/www.absolutcarsconsulting.com\/it\/voitures-en-vente\/ferrari-458-speciale\/\" \/>\n<meta property=\"og:locale\" content=\"it_IT\" \/>\n<meta property=\"og:type\" content=\"article\" \/>\n<meta property=\"og:title\" content=\"Ferrari 458 Speciale - Absolut Cars Consulting\" \/>\n<meta property=\"og:description\" content=\"Ferrari 458 Speciale\" \/>\n<meta property=\"og:site_name\" content=\"Absolut Cars Consulting\" \/>\n<meta property=\"article:modified_time\" content=\"2026-03-16T15:20:21+00:00\" \/>\n<meta property=\"og:image\" content=\"https:\/\/www.absolutcarsconsulting.com\/wp-content\/uploads\/2026\/02\/Ferrari_458_Speciale_Presentation_Absolut_Cars_Sold.jpg\" \/>\n\t<meta property=\"og:image:width\" content=\"1920\" \/>\n\t<meta property=\"og:image:height\" content=\"1080\" \/>\n\t<meta property=\"og:image:type\" content=\"image\/jpeg\" \/>\n<meta name=\"twitter:card\" content=\"summary_large_image\" \/>\n<meta name=\"twitter:label1\" content=\"Tempo di lettura stimato\" \/>\n\t<meta name=\"twitter:data1\" content=\"1 minuto\" \/>\n<script type=\"application\/ld+json\" class=\"yoast-schema-graph\">{\"@context\":\"https:\/\/schema.org\",\"@graph\":[{\"@type\":\"WebPage\",\"@id\":\"https:\/\/www.absolutcarsconsulting.com\/it\/voitures-en-vente\/ferrari-458-speciale\/\",\"url\":\"https:\/\/www.absolutcarsconsulting.com\/it\/voitures-en-vente\/ferrari-458-speciale\/\",\"name\":\"Ferrari 458 Speciale - Absolut Cars Consulting\",\"isPartOf\":{\"@id\":\"https:\/\/www.absolutcarsconsulting.com\/it\/#website\"},\"primaryImageOfPage\":{\"@id\":\"https:\/\/www.absolutcarsconsulting.com\/it\/voitures-en-vente\/ferrari-458-speciale\/#primaryimage\"},\"image\":{\"@id\":\"https:\/\/www.absolutcarsconsulting.com\/it\/voitures-en-vente\/ferrari-458-speciale\/#primaryimage\"},\"thumbnailUrl\":\"https:\/\/www.absolutcarsconsulting.com\/wp-content\/uploads\/2026\/02\/Ferrari_458_Speciale_Presentation_Absolut_Cars_Sold.jpg\",\"datePublished\":\"2026-02-17T14:45:08+00:00\",\"dateModified\":\"2026-03-16T15:20:21+00:00\",\"description\":\"Ferrari 458 Speciale\",\"breadcrumb\":{\"@id\":\"https:\/\/www.absolutcarsconsulting.com\/it\/voitures-en-vente\/ferrari-458-speciale\/#breadcrumb\"},\"inLanguage\":\"it-IT\",\"potentialAction\":[{\"@type\":\"ReadAction\",\"target\":[\"https:\/\/www.absolutcarsconsulting.com\/it\/voitures-en-vente\/ferrari-458-speciale\/\"]}]},{\"@type\":\"ImageObject\",\"inLanguage\":\"it-IT\",\"@id\":\"https:\/\/www.absolutcarsconsulting.com\/it\/voitures-en-vente\/ferrari-458-speciale\/#primaryimage\",\"url\":\"https:\/\/www.absolutcarsconsulting.com\/wp-content\/uploads\/2026\/02\/Ferrari_458_Speciale_Presentation_Absolut_Cars_Sold.jpg\",\"contentUrl\":\"https:\/\/www.absolutcarsconsulting.com\/wp-content\/uploads\/2026\/02\/Ferrari_458_Speciale_Presentation_Absolut_Cars_Sold.jpg\",\"width\":1920,\"height\":1080},{\"@type\":\"BreadcrumbList\",\"@id\":\"https:\/\/www.absolutcarsconsulting.com\/it\/voitures-en-vente\/ferrari-458-speciale\/#breadcrumb\",\"itemListElement\":[{\"@type\":\"ListItem\",\"position\":1,\"name\":\"Accueil\",\"item\":\"https:\/\/www.absolutcarsconsulting.com\/it\/\"},{\"@type\":\"ListItem\",\"position\":2,\"name\":\"Products\",\"item\":\"https:\/\/www.absolutcarsconsulting.com\/it\/shop\/\"},{\"@type\":\"ListItem\",\"position\":3,\"name\":\"Ferrari 458 Speciale\"}]},{\"@type\":\"WebSite\",\"@id\":\"https:\/\/www.absolutcarsconsulting.com\/it\/#website\",\"url\":\"https:\/\/www.absolutcarsconsulting.com\/it\/\",\"name\":\"Absolut Cars Consulting\",\"description\":\"Votre consultant en voiture de luxe !\",\"publisher\":{\"@id\":\"https:\/\/www.absolutcarsconsulting.com\/it\/#organization\"},\"potentialAction\":[{\"@type\":\"SearchAction\",\"target\":{\"@type\":\"EntryPoint\",\"urlTemplate\":\"https:\/\/www.absolutcarsconsulting.com\/it\/?s={search_term_string}\"},\"query-input\":{\"@type\":\"PropertyValueSpecification\",\"valueRequired\":true,\"valueName\":\"search_term_string\"}}],\"inLanguage\":\"it-IT\"},{\"@type\":\"Organization\",\"@id\":\"https:\/\/www.absolutcarsconsulting.com\/it\/#organization\",\"name\":\"Absolut Cars Consulting\",\"url\":\"https:\/\/www.absolutcarsconsulting.com\/it\/\",\"logo\":{\"@type\":\"ImageObject\",\"inLanguage\":\"it-IT\",\"@id\":\"https:\/\/www.absolutcarsconsulting.com\/it\/#\/schema\/logo\/image\/\",\"url\":\"https:\/\/www.absolutcarsconsulting.com\/wp-content\/uploads\/2017\/10\/absolut-cars-consulting-logo.png\",\"contentUrl\":\"https:\/\/www.absolutcarsconsulting.com\/wp-content\/uploads\/2017\/10\/absolut-cars-consulting-logo.png\",\"width\":250,\"height\":106,\"caption\":\"Absolut Cars Consulting\"},\"image\":{\"@id\":\"https:\/\/www.absolutcarsconsulting.com\/it\/#\/schema\/logo\/image\/\"},\"sameAs\":[\"https:\/\/www.instagram.com\/p\/B-KE1JjqjnV\/\"]}]}<\/script>\n<!-- \/ Yoast SEO plugin. -->","yoast_head_json":{"title":"Ferrari 458 Speciale - Absolut Cars Consulting","description":"Ferrari 458 Speciale","robots":{"index":"index","follow":"follow","max-snippet":"max-snippet:-1","max-image-preview":"max-image-preview:large","max-video-preview":"max-video-preview:-1"},"canonical":"https:\/\/www.absolutcarsconsulting.com\/it\/voitures-en-vente\/ferrari-458-speciale\/","og_locale":"it_IT","og_type":"article","og_title":"Ferrari 458 Speciale - Absolut Cars Consulting","og_description":"Ferrari 458 Speciale","og_site_name":"Absolut Cars Consulting","article_modified_time":"2026-03-16T15:20:21+00:00","og_image":[{"width":1920,"height":1080,"url":"https:\/\/www.absolutcarsconsulting.com\/wp-content\/uploads\/2026\/02\/Ferrari_458_Speciale_Presentation_Absolut_Cars_Sold.jpg","type":"image\/jpeg"}],"twitter_card":"summary_large_image","twitter_misc":{"Tempo di lettura stimato":"1 minuto"},"schema":{"@context":"https:\/\/schema.org","@graph":[{"@type":"WebPage","@id":"https:\/\/www.absolutcarsconsulting.com\/it\/voitures-en-vente\/ferrari-458-speciale\/","url":"https:\/\/www.absolutcarsconsulting.com\/it\/voitures-en-vente\/ferrari-458-speciale\/","name":"Ferrari 458 Speciale - Absolut Cars Consulting","isPartOf":{"@id":"https:\/\/www.absolutcarsconsulting.com\/it\/#website"},"primaryImageOfPage":{"@id":"https:\/\/www.absolutcarsconsulting.com\/it\/voitures-en-vente\/ferrari-458-speciale\/#primaryimage"},"image":{"@id":"https:\/\/www.absolutcarsconsulting.com\/it\/voitures-en-vente\/ferrari-458-speciale\/#primaryimage"},"thumbnailUrl":"https:\/\/www.absolutcarsconsulting.com\/wp-content\/uploads\/2026\/02\/Ferrari_458_Speciale_Presentation_Absolut_Cars_Sold.jpg","datePublished":"2026-02-17T14:45:08+00:00","dateModified":"2026-03-16T15:20:21+00:00","description":"Ferrari 458 Speciale","breadcrumb":{"@id":"https:\/\/www.absolutcarsconsulting.com\/it\/voitures-en-vente\/ferrari-458-speciale\/#breadcrumb"},"inLanguage":"it-IT","potentialAction":[{"@type":"ReadAction","target":["https:\/\/www.absolutcarsconsulting.com\/it\/voitures-en-vente\/ferrari-458-speciale\/"]}]},{"@type":"ImageObject","inLanguage":"it-IT","@id":"https:\/\/www.absolutcarsconsulting.com\/it\/voitures-en-vente\/ferrari-458-speciale\/#primaryimage","url":"https:\/\/www.absolutcarsconsulting.com\/wp-content\/uploads\/2026\/02\/Ferrari_458_Speciale_Presentation_Absolut_Cars_Sold.jpg","contentUrl":"https:\/\/www.absolutcarsconsulting.com\/wp-content\/uploads\/2026\/02\/Ferrari_458_Speciale_Presentation_Absolut_Cars_Sold.jpg","width":1920,"height":1080},{"@type":"BreadcrumbList","@id":"https:\/\/www.absolutcarsconsulting.com\/it\/voitures-en-vente\/ferrari-458-speciale\/#breadcrumb","itemListElement":[{"@type":"ListItem","position":1,"name":"Accueil","item":"https:\/\/www.absolutcarsconsulting.com\/it\/"},{"@type":"ListItem","position":2,"name":"Products","item":"https:\/\/www.absolutcarsconsulting.com\/it\/shop\/"},{"@type":"ListItem","position":3,"name":"Ferrari 458 Speciale"}]},{"@type":"WebSite","@id":"https:\/\/www.absolutcarsconsulting.com\/it\/#website","url":"https:\/\/www.absolutcarsconsulting.com\/it\/","name":"Absolut Cars Consulting","description":"Votre consultant en voiture de luxe !","publisher":{"@id":"https:\/\/www.absolutcarsconsulting.com\/it\/#organization"},"potentialAction":[{"@type":"SearchAction","target":{"@type":"EntryPoint","urlTemplate":"https:\/\/www.absolutcarsconsulting.com\/it\/?s={search_term_string}"},"query-input":{"@type":"PropertyValueSpecification","valueRequired":true,"valueName":"search_term_string"}}],"inLanguage":"it-IT"},{"@type":"Organization","@id":"https:\/\/www.absolutcarsconsulting.com\/it\/#organization","name":"Absolut Cars Consulting","url":"https:\/\/www.absolutcarsconsulting.com\/it\/","logo":{"@type":"ImageObject","inLanguage":"it-IT","@id":"https:\/\/www.absolutcarsconsulting.com\/it\/#\/schema\/logo\/image\/","url":"https:\/\/www.absolutcarsconsulting.com\/wp-content\/uploads\/2017\/10\/absolut-cars-consulting-logo.png","contentUrl":"https:\/\/www.absolutcarsconsulting.com\/wp-content\/uploads\/2017\/10\/absolut-cars-consulting-logo.png","width":250,"height":106,"caption":"Absolut Cars Consulting"},"image":{"@id":"https:\/\/www.absolutcarsconsulting.com\/it\/#\/schema\/logo\/image\/"},"sameAs":["https:\/\/www.instagram.com\/p\/B-KE1JjqjnV\/"]}]}},"_links":{"self":[{"href":"https:\/\/www.absolutcarsconsulting.com\/it\/wp-json\/wp\/v2\/product\/67919","targetHints":{"allow":["GET"]}}],"collection":[{"href":"https:\/\/www.absolutcarsconsulting.com\/it\/wp-json\/wp\/v2\/product"}],"about":[{"href":"https:\/\/www.absolutcarsconsulting.com\/it\/wp-json\/wp\/v2\/types\/product"}],"wp:featuredmedia":[{"embeddable":true,"href":"https:\/\/www.absolutcarsconsulting.com\/it\/wp-json\/wp\/v2\/media\/68214"}],"wp:attachment":[{"href":"https:\/\/www.absolutcarsconsulting.com\/it\/wp-json\/wp\/v2\/media?parent=67919"}],"wp:term":[{"taxonomy":"product_cat","embeddable":true,"href":"https:\/\/www.absolutcarsconsulting.com\/it\/wp-json\/wp\/v2\/product_cat?post=67919"},{"taxonomy":"product_tag","embeddable":true,"href":"https:\/\/www.absolutcarsconsulting.com\/it\/wp-json\/wp\/v2\/product_tag?post=67919"}],"curies":[{"name":"wp","href":"https:\/\/api.w.org\/{rel}","templated":true}]}}