{"id":65562,"date":"2024-09-13T17:03:04","date_gmt":"2024-09-13T15:04:46","guid":{"rendered":"https:\/\/www.absolutcarsconsulting.com\/?post_type=product&#038;p=65562"},"modified":"2026-03-31T17:43:09","modified_gmt":"2026-03-31T15:43:09","slug":"maserati-mc12","status":"publish","type":"product","link":"https:\/\/www.absolutcarsconsulting.com\/it\/voitures-en-vente\/maserati-mc12\/","title":{"rendered":"Maserati MC12"},"content":{"rendered":"<p>Presentata al Salone di Ginevra nel 2004, la Maserati MC12 fu originariamente progettata come vettura di omologazione per segnare il ritorno della Maserati alle competizioni dopo 37 anni di inattivit\u00e0. Nel 2004 sono state costruite 25 vetture (il numero richiesto dalla FIA) e altre 25 nel 2005, per un totale di 50 vetture omologate. Questo numero di produzione limitato rendeva queste vetture molto pi\u00f9 rare della Ferrari Enzo, su cui erano basate.<br \/>Non sorprende che molti esperti e collezionisti considerino la Maserati MC12 un&#8217;incredibile opportunit\u00e0 di investimento.<br \/>La MC12 era disponibile solo nella bellissima combinazione di colori Bianco Fuji, con dettagli eccezionali come i gruppi ottici anteriori aperti evidenziati, raffinate strisce e dadi di bloccaggio centrali colorati (rosso a sinistra, blu a destra). Ci\u00f2 che rende la MC12 ancora pi\u00f9 speciale \u00e8 che \u00e8 una delle poche hypercar a disporre di un tetto rigido rimovibile, che consente un&#8217;esperienza di guida completa, viscerale e all&#8217;aria aperta grazie al suono selvaggio dello scarico V12. Nel complesso, la MC12 deve essere considerata una delle hypercar pi\u00f9 grandi ed esclusive dell&#8217;era moderna.<br \/>L&#8217;esemplare in offerta \u00e8 una delle prime 25 MC12 prodotte, il che la rende un&#8217;aggiunta davvero spettacolare alle pi\u00f9 grandi collezioni di auto del mondo.<br \/>Non esitate a contattarci per ulteriori informazioni.<\/p>\n","protected":false},"excerpt":{"rendered":"<p>Presentata al Salone di Ginevra nel 2004, la Maserati MC12 fu originariamente progettata come vettura di omologazione per segnare il ritorno della Maserati alle competizioni dopo 37 anni di inattivit\u00e0. Nel 2004 sono state costruite 25 vetture (il numero richiesto dalla FIA) e altre 25 nel 2005, per un totale di 50 vetture omologate. Questo [&hellip;]<\/p>\n","protected":false},"featured_media":68290,"template":"","meta":{"_acf_changed":false,"_et_pb_use_builder":"","_et_pb_old_content":"","_et_gb_content_width":""},"product_cat":[210,276,190,195],"product_tag":[],"class_list":{"0":"post-65562","1":"product","2":"type-product","3":"status-publish","4":"has-post-thumbnail","6":"product_cat-maserati-it","7":"product_cat-maserati-mc12-it","8":"product_cat-monaco-it","9":"product_cat-autre-it","11":"first","12":"instock","13":"shipping-taxable","14":"product-type-simple"},"acf":[],"yoast_head":"<!-- This site is optimized with the Yoast SEO plugin v25.9 - https:\/\/yoast.com\/wordpress\/plugins\/seo\/ -->\n<title>Maserati MC12 - Absolut Cars Consulting<\/title>\n<meta name=\"description\" content=\"La Maserati MC12 fu originariamente progettata come vettura di omologazione per celebrare il ritorno della Maserati alle competizioni.\" \/>\n<meta name=\"robots\" content=\"index, follow, max-snippet:-1, max-image-preview:large, max-video-preview:-1\" \/>\n<link rel=\"canonical\" href=\"https:\/\/www.absolutcarsconsulting.com\/it\/voitures-en-vente\/maserati-mc12\/\" \/>\n<meta property=\"og:locale\" content=\"it_IT\" \/>\n<meta property=\"og:type\" content=\"article\" \/>\n<meta property=\"og:title\" content=\"Maserati MC12 - Absolut Cars Consulting\" \/>\n<meta property=\"og:description\" content=\"La Maserati MC12 fu originariamente progettata come vettura di omologazione per celebrare il ritorno della Maserati alle competizioni.\" \/>\n<meta property=\"og:site_name\" content=\"Absolut Cars Consulting\" \/>\n<meta property=\"article:modified_time\" content=\"2026-03-31T15:43:09+00:00\" \/>\n<meta property=\"og:image\" content=\"https:\/\/www.absolutcarsconsulting.com\/wp-content\/uploads\/2024\/09\/MaseratiMC12-FrontLeft_Sold.jpeg\" \/>\n\t<meta property=\"og:image:width\" content=\"1920\" \/>\n\t<meta property=\"og:image:height\" content=\"1080\" \/>\n\t<meta property=\"og:image:type\" content=\"image\/jpeg\" \/>\n<meta name=\"twitter:card\" content=\"summary_large_image\" \/>\n<meta name=\"twitter:label1\" content=\"Tempo di lettura stimato\" \/>\n\t<meta name=\"twitter:data1\" content=\"1 minuto\" \/>\n<script type=\"application\/ld+json\" class=\"yoast-schema-graph\">{\"@context\":\"https:\/\/schema.org\",\"@graph\":[{\"@type\":\"WebPage\",\"@id\":\"https:\/\/www.absolutcarsconsulting.com\/it\/voitures-en-vente\/maserati-mc12\/\",\"url\":\"https:\/\/www.absolutcarsconsulting.com\/it\/voitures-en-vente\/maserati-mc12\/\",\"name\":\"Maserati MC12 - Absolut Cars Consulting\",\"isPartOf\":{\"@id\":\"https:\/\/www.absolutcarsconsulting.com\/it\/#website\"},\"primaryImageOfPage\":{\"@id\":\"https:\/\/www.absolutcarsconsulting.com\/it\/voitures-en-vente\/maserati-mc12\/#primaryimage\"},\"image\":{\"@id\":\"https:\/\/www.absolutcarsconsulting.com\/it\/voitures-en-vente\/maserati-mc12\/#primaryimage\"},\"thumbnailUrl\":\"https:\/\/www.absolutcarsconsulting.com\/wp-content\/uploads\/2024\/09\/MaseratiMC12-FrontLeft_Sold.jpeg\",\"datePublished\":\"2024-09-13T15:04:46+00:00\",\"dateModified\":\"2026-03-31T15:43:09+00:00\",\"description\":\"La Maserati MC12 fu originariamente progettata come vettura di omologazione per celebrare il ritorno della Maserati alle competizioni.\",\"breadcrumb\":{\"@id\":\"https:\/\/www.absolutcarsconsulting.com\/it\/voitures-en-vente\/maserati-mc12\/#breadcrumb\"},\"inLanguage\":\"it-IT\",\"potentialAction\":[{\"@type\":\"ReadAction\",\"target\":[\"https:\/\/www.absolutcarsconsulting.com\/it\/voitures-en-vente\/maserati-mc12\/\"]}]},{\"@type\":\"ImageObject\",\"inLanguage\":\"it-IT\",\"@id\":\"https:\/\/www.absolutcarsconsulting.com\/it\/voitures-en-vente\/maserati-mc12\/#primaryimage\",\"url\":\"https:\/\/www.absolutcarsconsulting.com\/wp-content\/uploads\/2024\/09\/MaseratiMC12-FrontLeft_Sold.jpeg\",\"contentUrl\":\"https:\/\/www.absolutcarsconsulting.com\/wp-content\/uploads\/2024\/09\/MaseratiMC12-FrontLeft_Sold.jpeg\",\"width\":1920,\"height\":1080},{\"@type\":\"BreadcrumbList\",\"@id\":\"https:\/\/www.absolutcarsconsulting.com\/it\/voitures-en-vente\/maserati-mc12\/#breadcrumb\",\"itemListElement\":[{\"@type\":\"ListItem\",\"position\":1,\"name\":\"Accueil\",\"item\":\"https:\/\/www.absolutcarsconsulting.com\/it\/\"},{\"@type\":\"ListItem\",\"position\":2,\"name\":\"Products\",\"item\":\"https:\/\/www.absolutcarsconsulting.com\/it\/shop\/\"},{\"@type\":\"ListItem\",\"position\":3,\"name\":\"Maserati MC12\"}]},{\"@type\":\"WebSite\",\"@id\":\"https:\/\/www.absolutcarsconsulting.com\/it\/#website\",\"url\":\"https:\/\/www.absolutcarsconsulting.com\/it\/\",\"name\":\"Absolut Cars Consulting\",\"description\":\"Votre consultant en voiture de luxe !\",\"publisher\":{\"@id\":\"https:\/\/www.absolutcarsconsulting.com\/it\/#organization\"},\"potentialAction\":[{\"@type\":\"SearchAction\",\"target\":{\"@type\":\"EntryPoint\",\"urlTemplate\":\"https:\/\/www.absolutcarsconsulting.com\/it\/?s={search_term_string}\"},\"query-input\":{\"@type\":\"PropertyValueSpecification\",\"valueRequired\":true,\"valueName\":\"search_term_string\"}}],\"inLanguage\":\"it-IT\"},{\"@type\":\"Organization\",\"@id\":\"https:\/\/www.absolutcarsconsulting.com\/it\/#organization\",\"name\":\"Absolut Cars Consulting\",\"url\":\"https:\/\/www.absolutcarsconsulting.com\/it\/\",\"logo\":{\"@type\":\"ImageObject\",\"inLanguage\":\"it-IT\",\"@id\":\"https:\/\/www.absolutcarsconsulting.com\/it\/#\/schema\/logo\/image\/\",\"url\":\"https:\/\/www.absolutcarsconsulting.com\/wp-content\/uploads\/2017\/10\/absolut-cars-consulting-logo.png\",\"contentUrl\":\"https:\/\/www.absolutcarsconsulting.com\/wp-content\/uploads\/2017\/10\/absolut-cars-consulting-logo.png\",\"width\":250,\"height\":106,\"caption\":\"Absolut Cars Consulting\"},\"image\":{\"@id\":\"https:\/\/www.absolutcarsconsulting.com\/it\/#\/schema\/logo\/image\/\"},\"sameAs\":[\"https:\/\/www.instagram.com\/p\/B-KE1JjqjnV\/\"]}]}<\/script>\n<!-- \/ Yoast SEO plugin. -->","yoast_head_json":{"title":"Maserati MC12 - Absolut Cars Consulting","description":"La Maserati MC12 fu originariamente progettata come vettura di omologazione per celebrare il ritorno della Maserati alle competizioni.","robots":{"index":"index","follow":"follow","max-snippet":"max-snippet:-1","max-image-preview":"max-image-preview:large","max-video-preview":"max-video-preview:-1"},"canonical":"https:\/\/www.absolutcarsconsulting.com\/it\/voitures-en-vente\/maserati-mc12\/","og_locale":"it_IT","og_type":"article","og_title":"Maserati MC12 - Absolut Cars Consulting","og_description":"La Maserati MC12 fu originariamente progettata come vettura di omologazione per celebrare il ritorno della Maserati alle competizioni.","og_site_name":"Absolut Cars Consulting","article_modified_time":"2026-03-31T15:43:09+00:00","og_image":[{"width":1920,"height":1080,"url":"https:\/\/www.absolutcarsconsulting.com\/wp-content\/uploads\/2024\/09\/MaseratiMC12-FrontLeft_Sold.jpeg","type":"image\/jpeg"}],"twitter_card":"summary_large_image","twitter_misc":{"Tempo di lettura stimato":"1 minuto"},"schema":{"@context":"https:\/\/schema.org","@graph":[{"@type":"WebPage","@id":"https:\/\/www.absolutcarsconsulting.com\/it\/voitures-en-vente\/maserati-mc12\/","url":"https:\/\/www.absolutcarsconsulting.com\/it\/voitures-en-vente\/maserati-mc12\/","name":"Maserati MC12 - Absolut Cars Consulting","isPartOf":{"@id":"https:\/\/www.absolutcarsconsulting.com\/it\/#website"},"primaryImageOfPage":{"@id":"https:\/\/www.absolutcarsconsulting.com\/it\/voitures-en-vente\/maserati-mc12\/#primaryimage"},"image":{"@id":"https:\/\/www.absolutcarsconsulting.com\/it\/voitures-en-vente\/maserati-mc12\/#primaryimage"},"thumbnailUrl":"https:\/\/www.absolutcarsconsulting.com\/wp-content\/uploads\/2024\/09\/MaseratiMC12-FrontLeft_Sold.jpeg","datePublished":"2024-09-13T15:04:46+00:00","dateModified":"2026-03-31T15:43:09+00:00","description":"La Maserati MC12 fu originariamente progettata come vettura di omologazione per celebrare il ritorno della Maserati alle competizioni.","breadcrumb":{"@id":"https:\/\/www.absolutcarsconsulting.com\/it\/voitures-en-vente\/maserati-mc12\/#breadcrumb"},"inLanguage":"it-IT","potentialAction":[{"@type":"ReadAction","target":["https:\/\/www.absolutcarsconsulting.com\/it\/voitures-en-vente\/maserati-mc12\/"]}]},{"@type":"ImageObject","inLanguage":"it-IT","@id":"https:\/\/www.absolutcarsconsulting.com\/it\/voitures-en-vente\/maserati-mc12\/#primaryimage","url":"https:\/\/www.absolutcarsconsulting.com\/wp-content\/uploads\/2024\/09\/MaseratiMC12-FrontLeft_Sold.jpeg","contentUrl":"https:\/\/www.absolutcarsconsulting.com\/wp-content\/uploads\/2024\/09\/MaseratiMC12-FrontLeft_Sold.jpeg","width":1920,"height":1080},{"@type":"BreadcrumbList","@id":"https:\/\/www.absolutcarsconsulting.com\/it\/voitures-en-vente\/maserati-mc12\/#breadcrumb","itemListElement":[{"@type":"ListItem","position":1,"name":"Accueil","item":"https:\/\/www.absolutcarsconsulting.com\/it\/"},{"@type":"ListItem","position":2,"name":"Products","item":"https:\/\/www.absolutcarsconsulting.com\/it\/shop\/"},{"@type":"ListItem","position":3,"name":"Maserati MC12"}]},{"@type":"WebSite","@id":"https:\/\/www.absolutcarsconsulting.com\/it\/#website","url":"https:\/\/www.absolutcarsconsulting.com\/it\/","name":"Absolut Cars Consulting","description":"Votre consultant en voiture de luxe !","publisher":{"@id":"https:\/\/www.absolutcarsconsulting.com\/it\/#organization"},"potentialAction":[{"@type":"SearchAction","target":{"@type":"EntryPoint","urlTemplate":"https:\/\/www.absolutcarsconsulting.com\/it\/?s={search_term_string}"},"query-input":{"@type":"PropertyValueSpecification","valueRequired":true,"valueName":"search_term_string"}}],"inLanguage":"it-IT"},{"@type":"Organization","@id":"https:\/\/www.absolutcarsconsulting.com\/it\/#organization","name":"Absolut Cars Consulting","url":"https:\/\/www.absolutcarsconsulting.com\/it\/","logo":{"@type":"ImageObject","inLanguage":"it-IT","@id":"https:\/\/www.absolutcarsconsulting.com\/it\/#\/schema\/logo\/image\/","url":"https:\/\/www.absolutcarsconsulting.com\/wp-content\/uploads\/2017\/10\/absolut-cars-consulting-logo.png","contentUrl":"https:\/\/www.absolutcarsconsulting.com\/wp-content\/uploads\/2017\/10\/absolut-cars-consulting-logo.png","width":250,"height":106,"caption":"Absolut Cars Consulting"},"image":{"@id":"https:\/\/www.absolutcarsconsulting.com\/it\/#\/schema\/logo\/image\/"},"sameAs":["https:\/\/www.instagram.com\/p\/B-KE1JjqjnV\/"]}]}},"_links":{"self":[{"href":"https:\/\/www.absolutcarsconsulting.com\/it\/wp-json\/wp\/v2\/product\/65562","targetHints":{"allow":["GET"]}}],"collection":[{"href":"https:\/\/www.absolutcarsconsulting.com\/it\/wp-json\/wp\/v2\/product"}],"about":[{"href":"https:\/\/www.absolutcarsconsulting.com\/it\/wp-json\/wp\/v2\/types\/product"}],"wp:featuredmedia":[{"embeddable":true,"href":"https:\/\/www.absolutcarsconsulting.com\/it\/wp-json\/wp\/v2\/media\/68290"}],"wp:attachment":[{"href":"https:\/\/www.absolutcarsconsulting.com\/it\/wp-json\/wp\/v2\/media?parent=65562"}],"wp:term":[{"taxonomy":"product_cat","embeddable":true,"href":"https:\/\/www.absolutcarsconsulting.com\/it\/wp-json\/wp\/v2\/product_cat?post=65562"},{"taxonomy":"product_tag","embeddable":true,"href":"https:\/\/www.absolutcarsconsulting.com\/it\/wp-json\/wp\/v2\/product_tag?post=65562"}],"curies":[{"name":"wp","href":"https:\/\/api.w.org\/{rel}","templated":true}]}}